{"id":9,"date":"2011-07-14T19:46:13","date_gmt":"2011-07-14T19:46:13","guid":{"rendered":"http:\/\/192.168.9.29\/Development\/TB\/?page_id=9"},"modified":"2025-04-28T09:43:01","modified_gmt":"2025-04-28T07:43:01","slug":"portfolio","status":"publish","type":"page","link":"https:\/\/sommer.koralpe-kaernten.at\/?page_id=9","title":{"rendered":"Gastronomie"},"content":{"rendered":"<h1>Die Gastronomie der Koralpe freut sich auf Sie!<\/h1>\n<p>Lassen Sie sich nach dem Wandern in einem unserer gepflegten Gastbetriebe mit Lavanttaler<br \/>Kost oder internationalen Spezialit\u00e4ten kulinarisch<br \/>verw\u00f6hnen.<\/p>\n<p>Sonnhof<br \/>Gro\u00dfh\u00f6llerh\u00fctte<br \/>Heizhaus<br \/>Koralpenschutzhaus<br \/>Bistro Vero<\/p>\n\n\n<p><\/p>\n","protected":false},"excerpt":{"rendered":"Die Gastronomie der Koralpe freut sich auf Sie! Lassen Sie sich nach dem Wandern in einem unserer gepflegten Gastbetriebe mit LavanttalerKost oder internationalen Spezialit\u00e4ten kulinarischverw\u00f6hnen. SonnhofGro\u00dfh\u00f6llerh\u00fctteHeizhausKoralpenschutzhausBistro Vero","protected":false},"author":2,"featured_media":0,"parent":2262,"menu_order":2,"comment_status":"open","ping_status":"closed","template":"page-Portfolio4Cols-filterable.php","meta":[],"_links":{"self":[{"href":"https:\/\/sommer.koralpe-kaernten.at\/index.php?rest_route=\/wp\/v2\/pages\/9"}],"collection":[{"href":"https:\/\/sommer.koralpe-kaernten.at\/index.php?rest_route=\/wp\/v2\/pages"}],"about":[{"href":"https:\/\/sommer.koralpe-kaernten.at\/index.php?rest_route=\/wp\/v2\/types\/page"}],"author":[{"embeddable":true,"href":"https:\/\/sommer.koralpe-kaernten.at\/index.php?rest_route=\/wp\/v2\/users\/2"}],"replies":[{"embeddable":true,"href":"https:\/\/sommer.koralpe-kaernten.at\/index.php?rest_route=%2Fwp%2Fv2%2Fcomments&post=9"}],"version-history":[{"count":18,"href":"https:\/\/sommer.koralpe-kaernten.at\/index.php?rest_route=\/wp\/v2\/pages\/9\/revisions"}],"predecessor-version":[{"id":3739,"href":"https:\/\/sommer.koralpe-kaernten.at\/index.php?rest_route=\/wp\/v2\/pages\/9\/revisions\/3739"}],"up":[{"embeddable":true,"href":"https:\/\/sommer.koralpe-kaernten.at\/index.php?rest_route=\/wp\/v2\/pages\/2262"}],"wp:attachment":[{"href":"https:\/\/sommer.koralpe-kaernten.at\/index.php?rest_route=%2Fwp%2Fv2%2Fmedia&parent=9"}],"curies":[{"name":"wp","href":"https:\/\/api.w.org\/{rel}","templated":true}]}}