{"id":3068,"date":"2019-04-29T17:57:39","date_gmt":"2019-04-29T15:57:39","guid":{"rendered":"http:\/\/sommer.koralpe-kaernten.at\/?page_id=3068"},"modified":"2019-04-30T12:47:04","modified_gmt":"2019-04-30T10:47:04","slug":"paragleiten","status":"publish","type":"page","link":"https:\/\/sommer.koralpe-kaernten.at\/?page_id=3068","title":{"rendered":"Paragleiten"},"content":{"rendered":"<h2><\/h2>\n<h2><img loading=\"lazy\" class=\"size-large wp-image-3124 aligncenter\" src=\"http:\/\/sommer.koralpe-kaernten.at\/wp-content\/uploads\/2019\/04\/Bilder-Paragleiten-1-1024x173.jpg\" alt=\"\" width=\"604\" height=\"102\" srcset=\"https:\/\/sommer.koralpe-kaernten.at\/wp-content\/uploads\/2019\/04\/Bilder-Paragleiten-1-1024x173.jpg 1024w, https:\/\/sommer.koralpe-kaernten.at\/wp-content\/uploads\/2019\/04\/Bilder-Paragleiten-1-300x51.jpg 300w, https:\/\/sommer.koralpe-kaernten.at\/wp-content\/uploads\/2019\/04\/Bilder-Paragleiten-1-768x130.jpg 768w, https:\/\/sommer.koralpe-kaernten.at\/wp-content\/uploads\/2019\/04\/Bilder-Paragleiten-1.jpg 1250w\" sizes=\"(max-width: 604px) 100vw, 604px\" \/><\/h2>\n<h2><\/h2>\n<h2><\/h2>\n<h2><\/h2>\n<h2><span style=\"color: #0000ff;\">J<\/span><span style=\"color: #0000ff;\">a, Fliegen ist wie ein Traum...<\/span><\/h2>\n<p>Ein Traum, den das Tandemflugunternehmen Touch The Sky durch einen Tandemflug mit dem Gleitschirm verwirklichen kann. Nur vom Wind getragen fliegt ein erfahrener, berufsm\u00e4\u00dfig fliegender Pilot mit dir ger\u00e4uschlos entlang den H\u00e4ngen der Koralpe, oder hoch dar\u00fcber bis an die Wolken, ganz wie du magst und wie es das Wetter zul\u00e4sst.<br \/>\nGeeignet f\u00fcr jeden mit einer allgemein guten Gesundheit, dem ein wenig Aktion und etwas Spannung gef\u00e4llt. Es sind keine weiteren Vorkenntnisse n\u00f6tig.<\/p>\n<p>F\u00fcr mehr Info, schau auf unsere <a href=\"https:\/\/www.touch-the-sky.at\/tandemflug\/\"><span style=\"color: #0000ff;\">Homepage von Touch the sky<\/span><\/a><br \/>\noder ruf an: 0043(0)6648951912<\/p>\n<p>&nbsp;<\/p>\n","protected":false},"excerpt":{"rendered":"Ja, Fliegen ist wie ein Traum... Ein Traum, den das Tandemflugunternehmen Touch The Sky durch einen Tandemflug mit dem Gleitschirm verwirklichen kann. Nur vom Wind getragen fliegt ein erfahrener, berufsm\u00e4\u00dfig fliegender Pilot mit dir ger\u00e4uschlos entlang den H\u00e4ngen der Koralpe, oder hoch dar\u00fcber bis an die Wolken, ganz wie du magst und wie es das Wetter zul\u00e4sst. Geeignet f\u00fcr jeden mit einer allgemein guten Gesundheit, dem ein wenig Aktion und etwas Spannung gef\u00e4llt. Es sind keine weiteren Vorkenntnisse n\u00f6tig. F\u00fcr mehr Info, schau auf unsere Homepage von Touch the sky oder ruf an: 0043(0)6648951912 &nbsp;","protected":false},"author":2,"featured_media":0,"parent":3016,"menu_order":0,"comment_status":"closed","ping_status":"closed","template":"page-fullwidth.php","meta":[],"_links":{"self":[{"href":"https:\/\/sommer.koralpe-kaernten.at\/index.php?rest_route=\/wp\/v2\/pages\/3068"}],"collection":[{"href":"https:\/\/sommer.koralpe-kaernten.at\/index.php?rest_route=\/wp\/v2\/pages"}],"about":[{"href":"https:\/\/sommer.koralpe-kaernten.at\/index.php?rest_route=\/wp\/v2\/types\/page"}],"author":[{"embeddable":true,"href":"https:\/\/sommer.koralpe-kaernten.at\/index.php?rest_route=\/wp\/v2\/users\/2"}],"replies":[{"embeddable":true,"href":"https:\/\/sommer.koralpe-kaernten.at\/index.php?rest_route=%2Fwp%2Fv2%2Fcomments&post=3068"}],"version-history":[{"count":7,"href":"https:\/\/sommer.koralpe-kaernten.at\/index.php?rest_route=\/wp\/v2\/pages\/3068\/revisions"}],"predecessor-version":[{"id":3134,"href":"https:\/\/sommer.koralpe-kaernten.at\/index.php?rest_route=\/wp\/v2\/pages\/3068\/revisions\/3134"}],"up":[{"embeddable":true,"href":"https:\/\/sommer.koralpe-kaernten.at\/index.php?rest_route=\/wp\/v2\/pages\/3016"}],"wp:attachment":[{"href":"https:\/\/sommer.koralpe-kaernten.at\/index.php?rest_route=%2Fwp%2Fv2%2Fmedia&parent=3068"}],"curies":[{"name":"wp","href":"https:\/\/api.w.org\/{rel}","templated":true}]}}