{"id":3043,"date":"2019-04-27T18:46:15","date_gmt":"2019-04-27T16:46:15","guid":{"rendered":"http:\/\/sommer.koralpe-kaernten.at\/?page_id=3043"},"modified":"2019-04-27T18:46:15","modified_gmt":"2019-04-27T16:46:15","slug":"panoramaweg-auf-die-goding","status":"publish","type":"page","link":"https:\/\/sommer.koralpe-kaernten.at\/?page_id=3043","title":{"rendered":"Panoramaweg auf die Goding"},"content":{"rendered":"<p>Vom Koralpenparkplatz den Hinweistafeln \"Panoramaweg Goding\" (Weg Nr. 4) ca. 400 m folgen. Nach \u00dcberquerung des Burgstallofens geht es immer leicht bergauf Richtung \"Trattenofen\" (Steinformation). Weiter geht es \u00fcber den Wanderweg Nr. 4 durch eine wundersch\u00f6ne Landschaft mit einem herrlichen Ausblick auf das Lavanttal, bis zum Gasthof Sonnhof auf der Goding. Kehren Sie ein auf ein Getr\u00e4nk und eine der viele Lavanttaler Spezialit\u00e4ten, damit Sie f\u00fcr den R\u00fcckweg gest\u00e4rkt sind.<br \/>\nOder g\u00f6nnen Sie sich noch eine Auszeit am\u00a0 Fluderwasserfall\u00a0 mit einer Gehzeit von ca. 40 Minuten in eine Richtung (nicht f\u00fcr Kinderw\u00e4gen geeignet).<\/p>\n","protected":false},"excerpt":{"rendered":"Vom Koralpenparkplatz den Hinweistafeln \"Panoramaweg Goding\" (Weg Nr. 4) ca. 400 m folgen. Nach \u00dcberquerung des Burgstallofens geht es immer leicht bergauf Richtung \"Trattenofen\" (Steinformation). Weiter geht es \u00fcber den Wanderweg Nr. 4 durch eine wundersch\u00f6ne Landschaft mit einem herrlichen Ausblick auf das Lavanttal, bis zum Gasthof Sonnhof auf der Goding. Kehren Sie ein auf ein Getr\u00e4nk und eine der viele Lavanttaler Spezialit\u00e4ten, damit Sie f\u00fcr den R\u00fcckweg gest\u00e4rkt sind. Oder g\u00f6nnen Sie sich noch eine Auszeit am\u00a0 Fluderwasserfall\u00a0 mit einer Gehzeit von ca. 40 Minuten in eine Richtung (nicht f\u00fcr Kinderw\u00e4gen geeignet).","protected":false},"author":2,"featured_media":0,"parent":3029,"menu_order":0,"comment_status":"closed","ping_status":"closed","template":"page-fullwidth.php","meta":[],"_links":{"self":[{"href":"https:\/\/sommer.koralpe-kaernten.at\/index.php?rest_route=\/wp\/v2\/pages\/3043"}],"collection":[{"href":"https:\/\/sommer.koralpe-kaernten.at\/index.php?rest_route=\/wp\/v2\/pages"}],"about":[{"href":"https:\/\/sommer.koralpe-kaernten.at\/index.php?rest_route=\/wp\/v2\/types\/page"}],"author":[{"embeddable":true,"href":"https:\/\/sommer.koralpe-kaernten.at\/index.php?rest_route=\/wp\/v2\/users\/2"}],"replies":[{"embeddable":true,"href":"https:\/\/sommer.koralpe-kaernten.at\/index.php?rest_route=%2Fwp%2Fv2%2Fcomments&post=3043"}],"version-history":[{"count":1,"href":"https:\/\/sommer.koralpe-kaernten.at\/index.php?rest_route=\/wp\/v2\/pages\/3043\/revisions"}],"predecessor-version":[{"id":3044,"href":"https:\/\/sommer.koralpe-kaernten.at\/index.php?rest_route=\/wp\/v2\/pages\/3043\/revisions\/3044"}],"up":[{"embeddable":true,"href":"https:\/\/sommer.koralpe-kaernten.at\/index.php?rest_route=\/wp\/v2\/pages\/3029"}],"wp:attachment":[{"href":"https:\/\/sommer.koralpe-kaernten.at\/index.php?rest_route=%2Fwp%2Fv2%2Fmedia&parent=3043"}],"curies":[{"name":"wp","href":"https:\/\/api.w.org\/{rel}","templated":true}]}}