{"id":2262,"date":"2014-10-28T12:51:43","date_gmt":"2014-10-28T10:51:43","guid":{"rendered":"http:\/\/sommer.koralpe-kaernten.at\/koralpe\/?page_id=2262"},"modified":"2020-07-04T21:57:35","modified_gmt":"2020-07-04T19:57:35","slug":"service","status":"publish","type":"page","link":"https:\/\/sommer.koralpe-kaernten.at\/?page_id=2262","title":{"rendered":"Betriebe"},"content":{"rendered":"<p><strong>Herzlich Willkommen auf der Koralpe!<\/strong><\/p>\n<p>Auch im Sommer sind unsere Betriebe gerne f\u00fcr Sie da.<\/p>\n<p>Hier finden Sie zu <a href=\"http:\/\/sommer.koralpe-kaernten.at\/?page_id=3311\"><span style=\"color: #808000;\">Intersport Tatschl<\/span><\/a>, den <a href=\"http:\/\/sommer.koralpe-kaernten.at\/?page_id=2554\"><span style=\"color: #808000;\">Unterk\u00fcnften<\/span><\/a> und den <a href=\"http:\/\/sommer.koralpe-kaernten.at\/?page_id=9\"><span style=\"color: #808000;\">Gastronomiebetrieben<\/span><\/a>.<\/p>\n<p>Egal, ob Sie bei uns einfach nur die Seele baumeln lassen m\u00f6chten oder die Action bevorzugen: Wir w\u00fcnschen Ihnen unvergessliche Erlebnisse\u00a0 auf dem Hausberg der Lavanttaler!<\/p>\n","protected":false},"excerpt":{"rendered":"Herzlich Willkommen auf der Koralpe! Auch im Sommer sind unsere Betriebe gerne f\u00fcr Sie da. Hier finden Sie zu Intersport Tatschl, den Unterk\u00fcnften und den Gastronomiebetrieben. Egal, ob Sie bei uns einfach nur die Seele baumeln lassen m\u00f6chten oder die Action bevorzugen: Wir w\u00fcnschen Ihnen unvergessliche Erlebnisse\u00a0 auf dem Hausberg der Lavanttaler!","protected":false},"author":2,"featured_media":0,"parent":0,"menu_order":0,"comment_status":"open","ping_status":"open","template":"page-fullwidth.php","meta":[],"_links":{"self":[{"href":"https:\/\/sommer.koralpe-kaernten.at\/index.php?rest_route=\/wp\/v2\/pages\/2262"}],"collection":[{"href":"https:\/\/sommer.koralpe-kaernten.at\/index.php?rest_route=\/wp\/v2\/pages"}],"about":[{"href":"https:\/\/sommer.koralpe-kaernten.at\/index.php?rest_route=\/wp\/v2\/types\/page"}],"author":[{"embeddable":true,"href":"https:\/\/sommer.koralpe-kaernten.at\/index.php?rest_route=\/wp\/v2\/users\/2"}],"replies":[{"embeddable":true,"href":"https:\/\/sommer.koralpe-kaernten.at\/index.php?rest_route=%2Fwp%2Fv2%2Fcomments&post=2262"}],"version-history":[{"count":7,"href":"https:\/\/sommer.koralpe-kaernten.at\/index.php?rest_route=\/wp\/v2\/pages\/2262\/revisions"}],"predecessor-version":[{"id":3352,"href":"https:\/\/sommer.koralpe-kaernten.at\/index.php?rest_route=\/wp\/v2\/pages\/2262\/revisions\/3352"}],"wp:attachment":[{"href":"https:\/\/sommer.koralpe-kaernten.at\/index.php?rest_route=%2Fwp%2Fv2%2Fmedia&parent=2262"}],"curies":[{"name":"wp","href":"https:\/\/api.w.org\/{rel}","templated":true}]}}