{"id":203,"date":"2011-09-14T09:45:02","date_gmt":"2011-09-14T09:45:02","guid":{"rendered":"http:\/\/192.168.9.29\/Development\/TB\/?page_id=203"},"modified":"2025-04-28T10:03:49","modified_gmt":"2025-04-28T08:03:49","slug":"home","status":"publish","type":"page","link":"https:\/\/sommer.koralpe-kaernten.at\/","title":{"rendered":"Home"},"content":{"rendered":"<div class=\"row \"><br><div class=\"span3 \"><div class=\"banner-wrap home-banner\"><h5>Wetter\u00fcbersicht<\/h5><figure class=\"featured-thumbnail\"><a href=\"?page_id=2377\" title=\"Wetter\u00fcbersicht\"><img src=\"https:\/\/sommer.koralpe-kaernten.at\/wp-content\/uploads\/2014\/10\/page1_img1.jpg\" title=\"Wetter\u00fcbersicht\" alt=\"\" \/><\/a><\/figure><p>Wird es sonnig? Hier findet ihr alle aktuellen und vorausgesagten Daten.<\/p><div class=\"link-align banner-btn\"><a href=\"?page_id=2377\" title=\"Zur Wetterinfo\" class=\"btn btn-link\" target=\"_self\">Zur Wetterinfo<\/a><\/div><\/div><!-- .banner-wrap (end) --><\/div>\n<div class=\"span3 \"><div class=\"banner-wrap home-banner\"><h5>Live-Kamera<\/h5><figure class=\"featured-thumbnail\"><a href=\"?page_id=2278\" title=\"Live-Kamera\"><img src=\"https:\/\/koralpe.it-wms.com\/current1.jpg\" title=\"Live-Kamera\" alt=\"\" \/><\/a><\/figure><p>Ein Bild sagt mehr als 1000 Worte, zwei Webcams zeigen, was gerade \u201elive\u201c am Berg los ist.<\/p><div class=\"link-align banner-btn\"><a href=\"?page_id=2278\" title=\"Zu den Kameras\" class=\"btn btn-link\" target=\"_self\">Zu den Kameras<\/a><\/div><\/div><!-- .banner-wrap (end) --><\/div>\n<div class=\"span3 \"><div class=\"banner-wrap home-banner\"><h5>Social Media<\/h5><p>Ein Foto vom Berg posten? Gerne! Wir sind auf Facebook, Und das 'Gef\u00e4llt mir'.<\/p><div class=\"link-align banner-btn\"><a href=\"https:\/\/www.facebook.com\/koralpekaernten\" title=\"Zu Facebook\" class=\"btn btn-link\" target=\"_blank\">Zu Facebook<\/a><\/div><\/div><!-- .banner-wrap (end) --><\/div><br><\/div><!-- .row (end) -->\n<h2 style=\"text-align: center;\"><span style=\"color: #33633b;\"><strong>Der schnelle Kontakt am Telefon: 0 43 52\/30 614<\/strong><\/span><\/h2>\n<div class=\"title-box clearfix home1\"><h2 class=\"title-box_primary\">Herzlich Willkommen auf der Koralpe K\u00e4rnten<\/h2><h3 class=\"title-box_secondary\">der Berg mit Pers\u00f6nlichkeit und Herz<\/h3><\/div><!-- \/\/.title-box --><br><div class=\"row \"><br><div class=\"span5 \"><p><img class=\"alignleft size-full wp-image-2408\" src=\"https:\/\/sommer.koralpe-kaernten.at\/wp-content\/uploads\/2011\/07\/Koralpe-Kletter-003.jpg\" alt=\"\" width=\"100%\" srcset=\"https:\/\/sommer.koralpe-kaernten.at\/wp-content\/uploads\/2011\/07\/Koralpe-Kletter-003.jpg 640w, https:\/\/sommer.koralpe-kaernten.at\/wp-content\/uploads\/2011\/07\/Koralpe-Kletter-003-300x225.jpg 300w, https:\/\/sommer.koralpe-kaernten.at\/wp-content\/uploads\/2011\/07\/Koralpe-Kletter-003-200x150.jpg 200w\" sizes=\"(max-width: 640px) 100vw, 640px\" \/><br><\/div><br><div class=\"span7 \"><h1><strong>Auch im Sommer ein Ausflugs- und Urlaubsziel<\/strong><\/h1>\n<p><strong>Die Koralpe mit ihren sanften Almen, klaren Gebirgsb\u00e4chen und tosenden Wasserf\u00e4llen, bietet f\u00fcr jeden etwas:<\/strong><\/p>\n<p>Bei <span style=\"color: #808000;\"><a style=\"color: #808000;\" href=\"https:\/\/sommer.koralpe-kaernten.at\/?page_id=3029\">Wanderungen<\/a><\/span> \u00fcber gut markierte Wanderwege k\u00f6nnen Sie noch G\u00e4msen und Murmeltiere beobachten, oder Sie genie\u00dfen die herrliche Aussicht \u00fcber das Lavanttal bis zu den Karawanken und Julischen Alpen (bei klarer Sicht sogar \u2013 vom Gipfel aus \u2013 bis zum Gro\u00dfglockner).<\/p>\n<p>Wer Adrenalin sucht, f\u00fcr den bietet sich ein <span style=\"color: #808000;\"><a style=\"color: #808000;\" href=\"https:\/\/sommer.koralpe-kaernten.at\/?page_id=3068\">Tandemflug<\/a><\/span> mit dem Paragleitschirm an, bei dem man das wundersch\u00f6ne Lavanttal aus der Vogelperspektive genie\u00dfen kann.<\/p>\n<p>Auch f\u00fcr <span style=\"color: #808000;\"><a style=\"color: #808000;\" href=\"https:\/\/sommer.koralpe-kaernten.at\/?page_id=3023\">Modellflieger<\/a><\/span> verf\u00fcgt die Koralpe \u00fcber perfekte Pl\u00e4tze....<\/p>\n<p>Einfach abschalten und die Seele baumeln lassen - oder doch mehr?: Es liegt an Euch!<\/p>\n<p><\/p>\n<p><strong>&nbsp;Bericht Rundwanderweg Koralpe der K\u00e4rnten Werbung<br><\/strong><br><a href=\"https:\/\/www.kaernten.at\/berglust\/bergerlebnisse\/rundwanderweg-auf-der-koralpe\/\" target=\"_blank\" rel=\"noopener\">https:\/\/www.kaernten.at\/berglust\/bergerlebnisse\/rundwanderweg-auf-der-koralpe\/<\/a><\/p>\n<p><strong><br>Liebe G\u00e4ste der Koralpe!<\/strong><br>Seit der Wintersaison 2022\/2023 ist eine Parkplatzgeb\u00fchr von \u20ac 5,00 pro Auto in Kraft getreten. Diese k\u00f6nnen an den beiden Parkautomaten (1 St\u00fcck beim Bankomat vor Intersport Tatschl, 1 St\u00fcck am Parkplatz Auffahrt) gekauft werden.<\/p>\n<p class=\"font_8 wixui-rich-text__text\">Der 1. Abschnitt davon muss hinter der Windschutzscheibe platziert werden, gegen Abgabe des 2. Abschnittes erhalten Sie:<\/p>\n<p>- in der Gro\u00dfh\u00f6llerh\u00fctte einen Most oder ein alkoholfreies Getr\u00e4nk gratis<\/p>\n<p class=\"font_8 wixui-rich-text__text\"><span class=\"wixGuard wixui-rich-text__text\">\u200b<\/span>Freie Parkzeit 60 Minuten (mit Parkuhr).<\/p>\n<p>Eine Saisonkarte f\u00fcr das Parken im Sommer (\u20ac 70,00) gibt es in unserem <a href=\"https:\/\/shop.koralpe-kaernten.at\/de\/forfait-ski\/tageskarte-saisonkarte-sommer\/?s=2023-06-05&amp;sk%5B0%5D%5Bcc%5D=ALL&amp;dp=0\">Online-Shop (hier klicken)<\/a> oder wochentags (nach Terminvereinbarung unter 04352\/30614) beim Kassengeb\u00e4ude. Diese gilt bis zum Anfang der Wintersaison 2025\/2026.<\/p>\n<p class=\"font_8 wixui-rich-text__text\">Vielen Dank f\u00fcr euer Verst\u00e4ndnis!<\/p><\/div><br><\/div><!-- .row (end) -->\n<p><\/p>\n\n\n<figure class=\"wp-block-image size-large\"><a href=\"https:\/\/sommer.koralpe-kaernten.at\/wp-content\/uploads\/2023\/07\/Fusszeile.png\"><img loading=\"lazy\" width=\"1024\" height=\"135\" src=\"https:\/\/sommer.koralpe-kaernten.at\/wp-content\/uploads\/2023\/07\/Fusszeile-1024x135.png\" alt=\"\" class=\"wp-image-3676\" srcset=\"https:\/\/sommer.koralpe-kaernten.at\/wp-content\/uploads\/2023\/07\/Fusszeile-1024x135.png 1024w, https:\/\/sommer.koralpe-kaernten.at\/wp-content\/uploads\/2023\/07\/Fusszeile-300x39.png 300w, https:\/\/sommer.koralpe-kaernten.at\/wp-content\/uploads\/2023\/07\/Fusszeile-768x101.png 768w, https:\/\/sommer.koralpe-kaernten.at\/wp-content\/uploads\/2023\/07\/Fusszeile.png 1354w\" sizes=\"(max-width: 1024px) 100vw, 1024px\" \/><\/a><\/figure>\n\n\n\n<p><\/p>\n","protected":false},"excerpt":{"rendered":"Der schnelle Kontakt am Telefon: 0 43 52\/30 614","protected":false},"author":2,"featured_media":0,"parent":0,"menu_order":0,"comment_status":"open","ping_status":"closed","template":"page-home.php","meta":[],"_links":{"self":[{"href":"https:\/\/sommer.koralpe-kaernten.at\/index.php?rest_route=\/wp\/v2\/pages\/203"}],"collection":[{"href":"https:\/\/sommer.koralpe-kaernten.at\/index.php?rest_route=\/wp\/v2\/pages"}],"about":[{"href":"https:\/\/sommer.koralpe-kaernten.at\/index.php?rest_route=\/wp\/v2\/types\/page"}],"author":[{"embeddable":true,"href":"https:\/\/sommer.koralpe-kaernten.at\/index.php?rest_route=\/wp\/v2\/users\/2"}],"replies":[{"embeddable":true,"href":"https:\/\/sommer.koralpe-kaernten.at\/index.php?rest_route=%2Fwp%2Fv2%2Fcomments&post=203"}],"version-history":[{"count":221,"href":"https:\/\/sommer.koralpe-kaernten.at\/index.php?rest_route=\/wp\/v2\/pages\/203\/revisions"}],"predecessor-version":[{"id":3741,"href":"https:\/\/sommer.koralpe-kaernten.at\/index.php?rest_route=\/wp\/v2\/pages\/203\/revisions\/3741"}],"wp:attachment":[{"href":"https:\/\/sommer.koralpe-kaernten.at\/index.php?rest_route=%2Fwp%2Fv2%2Fmedia&parent=203"}],"curies":[{"name":"wp","href":"https:\/\/api.w.org\/{rel}","templated":true}]}}